{"id":1493,"date":"2023-07-22T17:54:32","date_gmt":"2023-07-22T17:54:32","guid":{"rendered":"https:\/\/sweet-yarco.pl\/?post_type=product&#038;p=1493"},"modified":"2023-07-24T19:54:05","modified_gmt":"2023-07-24T19:54:05","slug":"bawnik-spozywczy-niebieski-20g-barwniki","status":"publish","type":"product","link":"https:\/\/sweet-yarco.pl\/index.php\/produkt\/bawnik-spozywczy-niebieski-20g-barwniki\/","title":{"rendered":"BAWNIK SPO\u017bYWCZY NIEBIESKI 20g BARWNIKI"},"content":{"rendered":"<p>Barwnik spo\u017cywczy w proszku NIEBIESKI 20g w zamykanym pojemniczku<\/p>\n<p>Barwnik nadaje kolor dowolnego odcienia w zale\u017cno\u015bci od u\u017cytej ilo\u015bci od barwy b\u0142\u0119kitnej a\u017c po chaber<\/p>\n<p>Na etykiecie produktu znajdziesz wszystkie niezb\u0119dne  informacje takie jak dat\u0119 przydatno\u015bci, sk\u0142ad, parti\u0119, itp&#8230;<\/p>\n<p>W ofercie posiadamy tak\u017ce inne kolory<\/p>\n<p>Oferowane przez nas barwniki s\u0105 atestowane i produkowane przez jedn\u0105 z najstarszych polskich firm a co za tym idzie najbardziej do\u015bwiadczonych w swojej dziedzinie.<\/p>\n<p>Idealne do wypiek\u00f3w, ciast, deser\u00f3w, waty cukrowej i innych zastosowa\u0144.<\/p>\n<p>Nie sugeruj si\u0119 dat\u0105 przydatno\u015bci na miniaturze zdj\u0119cia, gdy\u017c za ka\u017cd\u0105 \u015bwie\u017c\u0105 parti\u0105 nie robimy nowych zdj\u0119\u0107 tego samego produktu a produkt jest zawsze ze zgodn\u0105 dat\u0105 przydatno\u015bci.<\/p>\n","protected":false},"excerpt":{"rendered":"<p>Barwnik spo\u017cywczy w proszku NIEBIESKI 20g w zamykanym pojemniczku Barwnik nadaje kolor dowolnego odcienia w zale\u017cno\u015bci od u\u017cytej ilo\u015bci od&hellip;<\/p>\n","protected":false},"featured_media":1494,"comment_status":"closed","ping_status":"closed","template":"","meta":[],"product_cat":[15,2433],"product_tag":[],"_links":{"self":[{"href":"https:\/\/sweet-yarco.pl\/index.php\/wp-json\/wp\/v2\/product\/1493"}],"collection":[{"href":"https:\/\/sweet-yarco.pl\/index.php\/wp-json\/wp\/v2\/product"}],"about":[{"href":"https:\/\/sweet-yarco.pl\/index.php\/wp-json\/wp\/v2\/types\/product"}],"replies":[{"embeddable":true,"href":"https:\/\/sweet-yarco.pl\/index.php\/wp-json\/wp\/v2\/comments?post=1493"}],"wp:featuredmedia":[{"embeddable":true,"href":"https:\/\/sweet-yarco.pl\/index.php\/wp-json\/wp\/v2\/media\/1494"}],"wp:attachment":[{"href":"https:\/\/sweet-yarco.pl\/index.php\/wp-json\/wp\/v2\/media?parent=1493"}],"wp:term":[{"taxonomy":"product_cat","embeddable":true,"href":"https:\/\/sweet-yarco.pl\/index.php\/wp-json\/wp\/v2\/product_cat?post=1493"},{"taxonomy":"product_tag","embeddable":true,"href":"https:\/\/sweet-yarco.pl\/index.php\/wp-json\/wp\/v2\/product_tag?post=1493"}],"curies":[{"name":"wp","href":"https:\/\/api.w.org\/{rel}","templated":true}]}}