{"id":565,"date":"2023-07-22T17:52:25","date_gmt":"2023-07-22T17:52:25","guid":{"rendered":"https:\/\/sweet-yarco.pl\/?post_type=product&#038;p=565"},"modified":"2023-07-24T19:53:39","modified_gmt":"2023-07-24T19:53:39","slug":"figurki-cukrowe-lew-zyrafa-zebra-cake-tort","status":"publish","type":"product","link":"https:\/\/sweet-yarco.pl\/index.php\/produkt\/figurki-cukrowe-lew-zyrafa-zebra-cake-tort\/","title":{"rendered":"FIGURKI CUKROWE LEW \u017bYRAFA ZEBRA CAKE TORT"},"content":{"rendered":"<p>Figurka cukrowa jak na foto.<\/p>\n<p>Cena dotyczy 1 sztuki<\/p>\n<p><b>Wymiary:<\/b><\/p>\n<ul>\n<li>PINGWIN &#8211; wysoko\u015b\u0107 3cm<\/li>\n<li>ZEBRA &#8211; wysoko\u015b\u0107 3,5cm<\/li>\n<li>LEW &#8211; wysoko\u015b\u0107 3,5cm<\/li>\n<li>HIPOPOTAM &#8211; wysoko\u015b\u0107 3,5cm<\/li>\n<li>\u017bYRAFA &#8211; wysoko\u015b\u0107 4,5cm<\/li>\n<\/ul>\n<p>Po zakupie okre\u015bl rodzaj figurki lub figurek i podaj to w informacji do sprzedawcy.<\/p>\n<p>Zapraszamy na inne nasze aukcje z dekoracjami, jeste\u015bmy liderami w swojej dziedzinie.<\/p>\n","protected":false},"excerpt":{"rendered":"<p>Figurka cukrowa jak na foto. Cena dotyczy 1 sztuki Wymiary: PINGWIN &#8211; wysoko\u015b\u0107 3cm ZEBRA &#8211; wysoko\u015b\u0107 3,5cm LEW &#8211;&hellip;<\/p>\n","protected":false},"featured_media":1307,"comment_status":"open","ping_status":"closed","template":"","meta":[],"product_cat":[15,2431],"product_tag":[],"_links":{"self":[{"href":"https:\/\/sweet-yarco.pl\/index.php\/wp-json\/wp\/v2\/product\/565"}],"collection":[{"href":"https:\/\/sweet-yarco.pl\/index.php\/wp-json\/wp\/v2\/product"}],"about":[{"href":"https:\/\/sweet-yarco.pl\/index.php\/wp-json\/wp\/v2\/types\/product"}],"replies":[{"embeddable":true,"href":"https:\/\/sweet-yarco.pl\/index.php\/wp-json\/wp\/v2\/comments?post=565"}],"wp:featuredmedia":[{"embeddable":true,"href":"https:\/\/sweet-yarco.pl\/index.php\/wp-json\/wp\/v2\/media\/1307"}],"wp:attachment":[{"href":"https:\/\/sweet-yarco.pl\/index.php\/wp-json\/wp\/v2\/media?parent=565"}],"wp:term":[{"taxonomy":"product_cat","embeddable":true,"href":"https:\/\/sweet-yarco.pl\/index.php\/wp-json\/wp\/v2\/product_cat?post=565"},{"taxonomy":"product_tag","embeddable":true,"href":"https:\/\/sweet-yarco.pl\/index.php\/wp-json\/wp\/v2\/product_tag?post=565"}],"curies":[{"name":"wp","href":"https:\/\/api.w.org\/{rel}","templated":true}]}}